{"id":11062,"date":"2023-10-16T13:41:26","date_gmt":"2023-10-16T16:41:26","guid":{"rendered":"https:\/\/elchiflonexcursiones.com.ar\/?post_type=product&#038;p=11062"},"modified":"2024-04-03T19:45:59","modified_gmt":"2024-04-03T22:45:59","slug":"el-chiflon-secretos-nativos-revelados","status":"publish","type":"product","link":"https:\/\/elchiflonexcursiones.com.ar\/index.php\/producto\/el-chiflon-secretos-nativos-revelados\/","title":{"rendered":"Secretos en El Chifl\u00f3n"},"content":{"rendered":"<p>En el coraz\u00f3n de Argentina, el Parque Provincial El Chifl\u00f3n se erige como un santuario de la naturaleza y la cultura, ubicado estrat\u00e9gicamente cerca de maravillas como el Valle de la Luna y Talampaya en la Ruta Nacional 150. Este parque no solo es un destino tur\u00edstico, sino una ventana al pasado y a la rica geolog\u00eda de La Rioja, reconocido por la UNESCO como patrimonio mundial. Los visitantes pueden disfrutar de un recorrido guiado de m\u00e1s de dos horas bajo la direcci\u00f3n de Luis Alberto Fomzalida, explorando los secretos arqueol\u00f3gicos, paleontol\u00f3gicos y geol\u00f3gicos del lugar. El parque alberga vestigios de civilizaciones antiguas y formaciones rocosas impresionantes, mientras que su biodiversidad incluye una flora t\u00edpica del monte El Chaco seco y f\u00f3siles de madera petrificada que datan de m\u00e1s de 250 millones de a\u00f1os.<\/p>\n<p>El Chifl\u00f3n no solo ofrece una experiencia visual y educativa, sino tambi\u00e9n sensorial y gastron\u00f3mica. Su nombre proviene del sonido mel\u00f3dico del viento al golpear los acantilados, creando una serenata natural \u00fanica en el recorrido. Para completar la experiencia, el comedor G\u00fcera Huasi invita a los visitantes a degustar exquisitos platillos regionales, desde chivitos hasta empanadas riojanas, a\u00f1adiendo un toque culinario a la aventura. Este destino promete dejar una huella imborrable en el coraz\u00f3n de quienes lo visitan, combinando la belleza natural, la historia y la cultura en un solo lugar.<\/p>\n","protected":false},"excerpt":{"rendered":"<p>La duraci\u00f3n de la excursi\u00f3n es de 2 hs. Reserve abonando s\u00f3lo el 15% por MercadoPago, el saldo restante se abona el dia de la excursi\u00f3n con efectivo o via transferencia (tenemos WiFi en el lugar).<\/p>\n","protected":false},"featured_media":11082,"template":"","meta":{"inline_featured_image":false},"product_brand":[],"product_cat":[55],"product_tag":[],"class_list":{"0":"post-11062","1":"product","2":"type-product","3":"status-publish","4":"has-post-thumbnail","6":"product_cat-tours","8":"first","9":"instock","10":"virtual","11":"sold-individually","12":"purchasable","13":"product-type-booking"},"_links":{"self":[{"href":"https:\/\/elchiflonexcursiones.com.ar\/index.php\/wp-json\/wp\/v2\/product\/11062","targetHints":{"allow":["GET"]}}],"collection":[{"href":"https:\/\/elchiflonexcursiones.com.ar\/index.php\/wp-json\/wp\/v2\/product"}],"about":[{"href":"https:\/\/elchiflonexcursiones.com.ar\/index.php\/wp-json\/wp\/v2\/types\/product"}],"wp:featuredmedia":[{"embeddable":true,"href":"https:\/\/elchiflonexcursiones.com.ar\/index.php\/wp-json\/wp\/v2\/media\/11082"}],"wp:attachment":[{"href":"https:\/\/elchiflonexcursiones.com.ar\/index.php\/wp-json\/wp\/v2\/media?parent=11062"}],"wp:term":[{"taxonomy":"product_brand","embeddable":true,"href":"https:\/\/elchiflonexcursiones.com.ar\/index.php\/wp-json\/wp\/v2\/product_brand?post=11062"},{"taxonomy":"product_cat","embeddable":true,"href":"https:\/\/elchiflonexcursiones.com.ar\/index.php\/wp-json\/wp\/v2\/product_cat?post=11062"},{"taxonomy":"product_tag","embeddable":true,"href":"https:\/\/elchiflonexcursiones.com.ar\/index.php\/wp-json\/wp\/v2\/product_tag?post=11062"}],"curies":[{"name":"wp","href":"https:\/\/api.w.org\/{rel}","templated":true}]}}